{"id":163,"date":"2022-09-12T09:03:48","date_gmt":"2022-09-12T12:03:48","guid":{"rendered":"http:\/\/chainid.com.br\/?page_id=163"},"modified":"2022-09-12T09:03:48","modified_gmt":"2022-09-12T12:03:48","slug":"projetos-customizados","status":"publish","type":"page","link":"http:\/\/chainid.com.br\/index.php\/projetos-customizados\/","title":{"rendered":"Projetos Customizados"},"content":{"rendered":"<p>Constru\u00e7\u00e3o de solu\u00e7\u00f5es customizadas para as necessidades espec\u00edficas dos clientes, como a constru\u00e7\u00e3o de credenciais, servi\u00e7os adicionais e integra\u00e7\u00e3o \u00e0 plataforma e seus servi\u00e7os.<\/p>\n","protected":false},"excerpt":{"rendered":"<p>Constru\u00e7\u00e3o de solu\u00e7\u00f5es customizadas para as necessidades espec\u00edficas dos clientes, como a constru\u00e7\u00e3o de credenciais, servi\u00e7os adicionais e integra\u00e7\u00e3o \u00e0 plataforma e seus servi\u00e7os.<\/p>\n","protected":false},"author":1,"featured_media":0,"parent":0,"menu_order":0,"comment_status":"closed","ping_status":"closed","template":"","meta":{"om_disable_all_campaigns":false,"_monsterinsights_skip_tracking":false,"_monsterinsights_sitenote_active":false,"_monsterinsights_sitenote_note":"","_monsterinsights_sitenote_category":0},"_links":{"self":[{"href":"http:\/\/chainid.com.br\/index.php\/wp-json\/wp\/v2\/pages\/163"}],"collection":[{"href":"http:\/\/chainid.com.br\/index.php\/wp-json\/wp\/v2\/pages"}],"about":[{"href":"http:\/\/chainid.com.br\/index.php\/wp-json\/wp\/v2\/types\/page"}],"author":[{"embeddable":true,"href":"http:\/\/chainid.com.br\/index.php\/wp-json\/wp\/v2\/users\/1"}],"replies":[{"embeddable":true,"href":"http:\/\/chainid.com.br\/index.php\/wp-json\/wp\/v2\/comments?post=163"}],"version-history":[{"count":1,"href":"http:\/\/chainid.com.br\/index.php\/wp-json\/wp\/v2\/pages\/163\/revisions"}],"predecessor-version":[{"id":164,"href":"http:\/\/chainid.com.br\/index.php\/wp-json\/wp\/v2\/pages\/163\/revisions\/164"}],"wp:attachment":[{"href":"http:\/\/chainid.com.br\/index.php\/wp-json\/wp\/v2\/media?parent=163"}],"curies":[{"name":"wp","href":"https:\/\/api.w.org\/{rel}","templated":true}]}}