{"id":161,"date":"2022-09-12T09:03:26","date_gmt":"2022-09-12T12:03:26","guid":{"rendered":"http:\/\/chainid.com.br\/?page_id=161"},"modified":"2022-09-12T09:03:26","modified_gmt":"2022-09-12T12:03:26","slug":"multiplo-fator-de-autenticacao-mfa","status":"publish","type":"page","link":"http:\/\/chainid.com.br\/index.php\/multiplo-fator-de-autenticacao-mfa\/","title":{"rendered":"M\u00faltiplo Fator de Autentica\u00e7\u00e3o (MFA)"},"content":{"rendered":"<p>Solu\u00e7\u00e3o MFA ou autentica\u00e7\u00e3o multi fator utiliza credenciais verific\u00e1veis como forma de identifica\u00e7\u00e3o de usu\u00e1rios e garantia de identifica\u00e7\u00e3o com integra\u00e7\u00e3o facilitada e baixo acoplamento.<\/p>\n","protected":false},"excerpt":{"rendered":"<p>Solu\u00e7\u00e3o MFA ou autentica\u00e7\u00e3o multi fator utiliza credenciais verific\u00e1veis como forma de identifica\u00e7\u00e3o de usu\u00e1rios e garantia de identifica\u00e7\u00e3o com integra\u00e7\u00e3o facilitada e baixo acoplamento.<\/p>\n","protected":false},"author":1,"featured_media":0,"parent":0,"menu_order":0,"comment_status":"closed","ping_status":"closed","template":"","meta":{"om_disable_all_campaigns":false,"_monsterinsights_skip_tracking":false,"_monsterinsights_sitenote_active":false,"_monsterinsights_sitenote_note":"","_monsterinsights_sitenote_category":0},"_links":{"self":[{"href":"http:\/\/chainid.com.br\/index.php\/wp-json\/wp\/v2\/pages\/161"}],"collection":[{"href":"http:\/\/chainid.com.br\/index.php\/wp-json\/wp\/v2\/pages"}],"about":[{"href":"http:\/\/chainid.com.br\/index.php\/wp-json\/wp\/v2\/types\/page"}],"author":[{"embeddable":true,"href":"http:\/\/chainid.com.br\/index.php\/wp-json\/wp\/v2\/users\/1"}],"replies":[{"embeddable":true,"href":"http:\/\/chainid.com.br\/index.php\/wp-json\/wp\/v2\/comments?post=161"}],"version-history":[{"count":1,"href":"http:\/\/chainid.com.br\/index.php\/wp-json\/wp\/v2\/pages\/161\/revisions"}],"predecessor-version":[{"id":162,"href":"http:\/\/chainid.com.br\/index.php\/wp-json\/wp\/v2\/pages\/161\/revisions\/162"}],"wp:attachment":[{"href":"http:\/\/chainid.com.br\/index.php\/wp-json\/wp\/v2\/media?parent=161"}],"curies":[{"name":"wp","href":"https:\/\/api.w.org\/{rel}","templated":true}]}}