{"id":158,"date":"2022-09-12T09:02:17","date_gmt":"2022-09-12T12:02:17","guid":{"rendered":"http:\/\/chainid.com.br\/?page_id=158"},"modified":"2022-09-12T09:02:17","modified_gmt":"2022-09-12T12:02:17","slug":"autenticacao-para-plataformas-mooc","status":"publish","type":"page","link":"http:\/\/chainid.com.br\/index.php\/autenticacao-para-plataformas-mooc\/","title":{"rendered":"Autentica\u00e7\u00e3o para Plataformas MOOC"},"content":{"rendered":"<p>Solu\u00e7\u00e3o para autentica\u00e7\u00e3o segura de usu\u00e1rios para plataformas Mooc (Curso Online Aberto e Massivo, do ingl\u00eas Massive Open Online Course) utilizando a identidade do ChainID, no qual os clientes da plataforma possuem diversas origens e comunidades externas \u00e0 institui\u00e7\u00e3o provedora do servi\u00e7o.<\/p>\n","protected":false},"excerpt":{"rendered":"<p>Solu\u00e7\u00e3o para autentica\u00e7\u00e3o segura de usu\u00e1rios para plataformas Mooc (Curso Online Aberto e Massivo, do ingl\u00eas Massive Open Online Course) utilizando a identidade do ChainID, no qual os clientes da &#8230;<\/p>\n","protected":false},"author":1,"featured_media":0,"parent":0,"menu_order":0,"comment_status":"closed","ping_status":"closed","template":"","meta":{"om_disable_all_campaigns":false,"_monsterinsights_skip_tracking":false,"_monsterinsights_sitenote_active":false,"_monsterinsights_sitenote_note":"","_monsterinsights_sitenote_category":0},"_links":{"self":[{"href":"http:\/\/chainid.com.br\/index.php\/wp-json\/wp\/v2\/pages\/158"}],"collection":[{"href":"http:\/\/chainid.com.br\/index.php\/wp-json\/wp\/v2\/pages"}],"about":[{"href":"http:\/\/chainid.com.br\/index.php\/wp-json\/wp\/v2\/types\/page"}],"author":[{"embeddable":true,"href":"http:\/\/chainid.com.br\/index.php\/wp-json\/wp\/v2\/users\/1"}],"replies":[{"embeddable":true,"href":"http:\/\/chainid.com.br\/index.php\/wp-json\/wp\/v2\/comments?post=158"}],"version-history":[{"count":1,"href":"http:\/\/chainid.com.br\/index.php\/wp-json\/wp\/v2\/pages\/158\/revisions"}],"predecessor-version":[{"id":159,"href":"http:\/\/chainid.com.br\/index.php\/wp-json\/wp\/v2\/pages\/158\/revisions\/159"}],"wp:attachment":[{"href":"http:\/\/chainid.com.br\/index.php\/wp-json\/wp\/v2\/media?parent=158"}],"curies":[{"name":"wp","href":"https:\/\/api.w.org\/{rel}","templated":true}]}}