{"id":155,"date":"2022-09-12T09:01:08","date_gmt":"2022-09-12T12:01:08","guid":{"rendered":"http:\/\/chainid.com.br\/?page_id=155"},"modified":"2022-09-16T09:25:21","modified_gmt":"2022-09-16T12:25:21","slug":"planos","status":"publish","type":"page","link":"http:\/\/chainid.com.br\/index.php\/planos\/","title":{"rendered":"Planos"},"content":{"rendered":"<div class=\"pricing row\">\n<div id=\"pricing-id-freelancer\" class=\"col-md-6 col-lg-3 wow slideInUp\" style=\"visibility: visible; animation-name: slideInUp;\">\n<div class=\"pricing__item\">\n<h3 class=\"pricing__title\">Started<\/h3>\n<div class=\"pricing__price\"><span class=\"pricing__currency\">R$ <\/span>00,00<\/div>\n<div class=\"pricing__sentense\">Para startups e pequenas empresas ou grandes empresas que queiram testar nossos servi\u00e7os.<\/div>\n<ul class=\"pricing__feature-list\">\n<li>10 emiss\u00f5es de credenciais por m\u00eas<\/li>\n<li>Apenas 1 organiza\u00e7\u00e3o<\/li>\n<li>1 Schema<\/li>\n<li>100 Verifica\u00e7\u00f5es de identidade\/ autentica\u00e7\u00f5es por m\u00eas                     <\/li>\n<li>Ambiente n\u00e3o produtivo (Stage)<\/li>\n<\/ul>\n<\/div>\n<\/div>\n<div id=\"pricing-id-small-business\" class=\"col-md-6 col-lg-3 wow slideInUp\" style=\"visibility: visible; animation-name: slideInUp;\">\n<div class=\"pricing__item\">\n<h3 class=\"pricing__title\">Small Business<\/h3>\n<div class=\"pricing__price\"><span class=\"pricing__currency\">R$ <\/span>500,00<\/div>\n<div class=\"pricing__sentense\">Para startups em crescimento e empresas que buscam acelerar seu crescimento sem comprometer a seguran\u00e7a.<\/div>\n<ul class=\"pricing__feature-list\">\n<li>500 emiss\u00f5es de credenciais por m\u00eas<\/li>\n<li>Apenas 3 organiza\u00e7\u00e3o<\/li>\n<li>N\u00famero ilimitado de Schemas<\/li>\n<li>5000 Verifica\u00e7\u00f5es de identidade\/ autentica\u00e7\u00f5es por m\u00eas               <\/li>\n<\/ul>\n<\/div>\n<\/div>\n<div id=\"pricing-id-small-business\" class=\"col-md-6 col-lg-3 wow slideInUp\" style=\"visibility: visible; animation-name: slideInUp;\">\n<div class=\"pricing__item\">\n<h3 class=\"pricing__title\">Medium Business<\/h3>\n<div class=\"pricing__price\"><span class=\"pricing__currency\">R$ <\/span>1.000,00<\/div>\n<div class=\"pricing__sentense\">Para startups em crescimento e empresas que buscam acelerar seu crescimento sem comprometer a seguran\u00e7a.<\/div>\n<ul class=\"pricing__feature-list\">\n<li>1.000 emiss\u00f5es de credenciais por m\u00eas<\/li>\n<li>Apenas 3 organiza\u00e7\u00e3o<\/li>\n<li>N\u00famero ilimitado de Schemas<\/li>\n<li>10.000 Verifica\u00e7\u00f5es de identidade\/ autentica\u00e7\u00f5es por m\u00eas               <\/li>\n<\/ul>\n<\/div>\n<\/div>\n<div id=\"pricing-id-larger-business\" class=\"col-md-6 col-lg-3 wow slideInUp\" style=\"visibility: visible; animation-name: slideInUp;\">\n<div class=\"pricing__item\">\n<h3 class=\"pricing__title\">Larger Business<\/h3>\n<div class=\"pricing__price\">Entre em contato<\/div>\n<div class=\"pricing__sentense\">Para startups em crescimento e empresas que desejam utilizar as facilidades da SSI em larga escala.<\/div>\n<ul class=\"pricing__feature-list\">\n<li>Acima de 1.000 emiss\u00f5es de credenciais por m\u00eas<\/li>\n<li>N\u00famero de organiza\u00e7\u00f5es ilimitado<\/li>\n<li>N\u00famero ilimitado de Schemas<\/li>\n<li>Acima de 10.000 Verifica\u00e7\u00f5es de identidade\/autentica\u00e7\u00f5es por m\u00eas<\/li>\n<\/ul>\n<\/div>\n<\/div>\n","protected":false},"excerpt":{"rendered":"<p>Started R$ 00,00 Para startups e pequenas empresas ou grandes empresas que queiram testar nossos servi\u00e7os. 10 emiss\u00f5es de credenciais por m\u00eas Apenas 1 organiza\u00e7\u00e3o 1 Schema 100 Verifica\u00e7\u00f5es de &#8230;<\/p>\n","protected":false},"author":1,"featured_media":0,"parent":0,"menu_order":0,"comment_status":"closed","ping_status":"closed","template":"template-fullwidth.php","meta":{"om_disable_all_campaigns":false,"_monsterinsights_skip_tracking":false,"_monsterinsights_sitenote_active":false,"_monsterinsights_sitenote_note":"","_monsterinsights_sitenote_category":0},"_links":{"self":[{"href":"http:\/\/chainid.com.br\/index.php\/wp-json\/wp\/v2\/pages\/155"}],"collection":[{"href":"http:\/\/chainid.com.br\/index.php\/wp-json\/wp\/v2\/pages"}],"about":[{"href":"http:\/\/chainid.com.br\/index.php\/wp-json\/wp\/v2\/types\/page"}],"author":[{"embeddable":true,"href":"http:\/\/chainid.com.br\/index.php\/wp-json\/wp\/v2\/users\/1"}],"replies":[{"embeddable":true,"href":"http:\/\/chainid.com.br\/index.php\/wp-json\/wp\/v2\/comments?post=155"}],"version-history":[{"count":14,"href":"http:\/\/chainid.com.br\/index.php\/wp-json\/wp\/v2\/pages\/155\/revisions"}],"predecessor-version":[{"id":246,"href":"http:\/\/chainid.com.br\/index.php\/wp-json\/wp\/v2\/pages\/155\/revisions\/246"}],"wp:attachment":[{"href":"http:\/\/chainid.com.br\/index.php\/wp-json\/wp\/v2\/media?parent=155"}],"curies":[{"name":"wp","href":"https:\/\/api.w.org\/{rel}","templated":true}]}}